{"id":10,"date":"2013-08-16T14:13:01","date_gmt":"2013-08-16T14:13:01","guid":{"rendered":"http:\/\/agemdeus.association.usherbrooke.ca\/?page_id=10"},"modified":"2024-05-08T16:26:33","modified_gmt":"2024-05-08T20:26:33","slug":"cafe-mado-et-rencontres-sociales","status":"publish","type":"page","link":"https:\/\/agemdeus.association.usherbrooke.ca\/?page_id=10","title":{"rendered":"Vie sociale"},"content":{"rendered":"\t\t<div data-elementor-type=\"wp-page\" data-elementor-id=\"10\" class=\"elementor elementor-10\">\n\t\t\t\t\t\t\t\t\t<section class=\"elementor-section elementor-top-section elementor-element elementor-element-65da0935 elementor-section-boxed elementor-section-height-default elementor-section-height-default\" data-id=\"65da0935\" data-element_type=\"section\">\n\t\t\t\t\t\t<div class=\"elementor-container elementor-column-gap-default\">\n\t\t\t\t\t<div class=\"elementor-column elementor-col-100 elementor-top-column elementor-element elementor-element-2ee958c4\" data-id=\"2ee958c4\" data-element_type=\"column\">\n\t\t\t<div class=\"elementor-widget-wrap elementor-element-populated\">\n\t\t\t\t\t\t\t\t<div class=\"elementor-element elementor-element-5ec54fe elementor-tabs-view-horizontal elementor-widget elementor-widget-tabs\" data-id=\"5ec54fe\" data-element_type=\"widget\" data-widget_type=\"tabs.default\">\n\t\t\t\t<div class=\"elementor-widget-container\">\n\t\t\t\t\t<div class=\"elementor-tabs\">\n\t\t\t<div class=\"elementor-tabs-wrapper\" role=\"tablist\" >\n\t\t\t\t\t\t\t\t\t<div id=\"elementor-tab-title-9931\" class=\"elementor-tab-title elementor-tab-desktop-title\" aria-selected=\"true\" data-tab=\"1\" role=\"tab\" tabindex=\"0\" aria-controls=\"elementor-tab-content-9931\" aria-expanded=\"false\">\u00c0 distance<\/div>\n\t\t\t\t\t\t\t\t\t<div id=\"elementor-tab-title-9932\" class=\"elementor-tab-title elementor-tab-desktop-title\" aria-selected=\"false\" data-tab=\"2\" role=\"tab\" tabindex=\"-1\" aria-controls=\"elementor-tab-content-9932\" aria-expanded=\"false\">En pr\u00e9sence<\/div>\n\t\t\t\t\t\t\t\t\t<div id=\"elementor-tab-title-9933\" class=\"elementor-tab-title elementor-tab-desktop-title\" aria-selected=\"false\" data-tab=\"3\" role=\"tab\" tabindex=\"-1\" aria-controls=\"elementor-tab-content-9933\" aria-expanded=\"false\">\u00c9cole d'\u00e9t\u00e9 de r\u00e9daction<\/div>\n\t\t\t\t\t\t\t<\/div>\n\t\t\t<div class=\"elementor-tabs-content-wrapper\" role=\"tablist\" aria-orientation=\"vertical\">\n\t\t\t\t\t\t\t\t\t<div class=\"elementor-tab-title elementor-tab-mobile-title\" aria-selected=\"true\" data-tab=\"1\" role=\"tab\" tabindex=\"0\" aria-controls=\"elementor-tab-content-9931\" aria-expanded=\"false\">\u00c0 distance<\/div>\n\t\t\t\t\t<div id=\"elementor-tab-content-9931\" class=\"elementor-tab-content elementor-clearfix\" data-tab=\"1\" role=\"tabpanel\" aria-labelledby=\"elementor-tab-title-9931\" tabindex=\"0\" hidden=\"false\"><p style=\"margin-top: 20px;\"><span style=\"color: rgb(15, 15, 22); font-size: 1.5rem; font-weight: 600;\">Les Communaut\u00e9s de Pratique: partager ses difficult\u00e9s<\/span><br><\/p>\n<p>Les \u00e9tudes aux cycles sup\u00e9rieurs sont loin d&#8217;\u00eatre un long fleuve tranquille&#8230; Les relations avec nos directions, le sentiment d&#8217;imposteur, la pression, la gestion du temps et bien d&#8217;autres th\u00e9matiques sont autant d&#8217;enjeux pr\u00e9sents dans le parcours.&nbsp;<\/p>\n<p>S&#8217;il est vital d&#8217;\u00e9changer sur ces difficult\u00e9s en tout temps, ce l&#8217;est encore plus en ce moment o\u00f9 nous sommes plusieurs \u00e0 distance, alors que les occasions d&#8217;\u00e9change informel avec d&#8217;autres \u00e9tudiants se font rares et que l&#8217;on est plus seuls que jamais face \u00e0 nos difficult\u00e9s. C&#8217;est pourquoi, depuis l&#8217;automne 2020, l&#8217;AG\u00c9MD\u00c9US organise des Communaut\u00e9s de Pratiques sur l&#8217;heure du midi. Toutes les personnes membres sont invit\u00e9es \u00e0 se joindre, et deux personnes animatrices invitent les participantes et les participants \u00e0 \u00e9changer sur la th\u00e9matique de la s\u00e9ance avec pour objectif de repartir avec des pistes de solutions concr\u00e8tes et le soutien de des pairs.&nbsp;<\/p><\/div>\n\t\t\t\t\t\t\t\t\t<div class=\"elementor-tab-title elementor-tab-mobile-title\" aria-selected=\"false\" data-tab=\"2\" role=\"tab\" tabindex=\"-1\" aria-controls=\"elementor-tab-content-9932\" aria-expanded=\"false\">En pr\u00e9sence<\/div>\n\t\t\t\t\t<div id=\"elementor-tab-content-9932\" class=\"elementor-tab-content elementor-clearfix\" data-tab=\"2\" role=\"tabpanel\" aria-labelledby=\"elementor-tab-title-9932\" tabindex=\"0\" hidden=\"hidden\"><p style=\"font-family: Roboto, sans-serif;\">Lorsque les conditions sanitaires le permettent, nous offrons aux personnes \u00e9tudiantes la possibilit\u00e9 de profiter d&#8217;un local sur le campus principal. Nous organisons \u00e9galement des \u00e9v\u00e8nements sur les deux campus.<\/p><p style=\"font-family: Roboto, sans-serif;\"><span style=\"color: #0f0f16; font-size: 1.5rem; font-weight: 600;\">Sur le campus principal: local le Mado<\/span><\/p><div>\u00a0<\/div><div id=\"attachment_424\" style=\"width: 672px\" class=\"wp-caption aligncenter\"><a href=\"https:\/\/agemdeus.association.usherbrooke.ca\/wp-content\/uploads\/2016\/03\/montage-5a8.jpg\" rel=\"attachment wp-att-424\"><img fetchpriority=\"high\" decoding=\"async\" aria-describedby=\"caption-attachment-424\" class=\"wp-image-424 \" src=\"https:\/\/agemdeus.association.usherbrooke.ca\/wp-content\/uploads\/2016\/03\/montage-5a8-300x107.jpg\" alt=\"montage 5a8\" width=\"662\" height=\"236\" srcset=\"https:\/\/agemdeus.association.usherbrooke.ca\/wp-content\/uploads\/2016\/03\/montage-5a8-300x107.jpg 300w, https:\/\/agemdeus.association.usherbrooke.ca\/wp-content\/uploads\/2016\/03\/montage-5a8-768x274.jpg 768w, https:\/\/agemdeus.association.usherbrooke.ca\/wp-content\/uploads\/2016\/03\/montage-5a8-1024x366.jpg 1024w\" sizes=\"(max-width: 662px) 100vw, 662px\" \/><\/a><p id=\"caption-attachment-424\" class=\"wp-caption-text\"><span style=\"caret-color: #7a7a7a; color: #7a7a7a;\">(Photos prises par Marjorie C\u00f4t\u00e9 de Voltaic Photo)<\/span><\/p><\/div><p>Un lieu de rencontre est disponible pour tous les \u00e9tudiantes et \u00e9tudiants membres de l\u2019AG\u00c9MD\u00c9US.\u00a0<\/p><p>Il est situ\u00e9 au\u00a0<span style=\"font-weight: bold;\">local A1-103-1<\/span>, et une serrure cod\u00e9e limite l\u2019acc\u00e8s aux seules personnes membres de l\u2019association, qui y sont les bienvenues \u00e0 toute heure. Ce code d\u2019entr\u00e9e est chang\u00e9 chaque ann\u00e9e. Pour l\u2019obtenir, communiquez avec les membres du conseil ex\u00e9cutif; ils se feront un plaisir de vous r\u00e9pondre.<\/p><p>En plus d&#8217;\u00eatre un espace de d\u00e9tente, de rencontre ou de travail d\u00e9contract\u00e9 pour les membres, le caf\u00e9 Mado leur permet de tenir les \u00e9v\u00e8nements sociaux (5 @ 8, f\u00eates de la rentr\u00e9e, Halloween, de No\u00ebl, etc.). De plus, pour convier les membres \u00e0 venir y diner, un r\u00e9frig\u00e9rateur, un four micro-ondes, un four grille-pain, de la vaisselle et des ustensiles sont disponibles pour toutes et tous.<\/p><p>Les r\u00e8glements en place dans ce lieu sont les m\u00eames que dans les autres locaux de l\u2019Universit\u00e9. Il est interdit de consommer des boissons alcoolis\u00e9es sans l\u2019obtention d\u2019un permis d\u2019alcool. Il est clair que nous demandons \u00e0 toutes les personnes utilisant le local un respect du mat\u00e9riel et du mobilier qui est en place.<\/p><p>En esp\u00e9rant que ce lieu vous conviendra et au plaisir de vous y retrouver!<\/p><h3 style=\"font-family: Roboto, sans-serif;\">Et pour les \u00e9tudiantes et \u00e9tudiants \u00e0 Longueuil?<\/h3><p>Sachez, personnes \u00e9tudiantes du campus Longueuil, que vous n&#8217;\u00eates pas en reste! Un local est pr\u00e9vu pour les associations \u00e9tudiantes \u00e0 Longueuil, et il est possible d&#8217;emprunter un des nombreux espaces de rencontre pour y organiser des 5@8. N&#8217;h\u00e9sitez pas \u00e0 <a href=\"mailto:agemdeus@USherbrooke.ca\">nous contacter<\/a> ou \u00e0 contacter directement la vice-pr\u00e9sidence au campus Longueuil de l&#8217;AG\u00c9MD\u00c9US si vous souhiatez que des activit\u00e9s sociales soient organis\u00e9es sur le campus. Notamment, il est possible d&#8217;organiser des activit\u00e9s sociales en r\u00e9servant \u00e0 l&#8217;avance le salon du 13\u00e8me \u00e9tage, qui offre un environnement magnifique et adapt\u00e9 aux 5@8.<\/p><p>Les personnes membres sont invit\u00e9es \u00e0 participer \u00e0 toutes les activit\u00e9s sociales organis\u00e9es sur les deux campus!\u00a0<\/p><\/div>\n\t\t\t\t\t\t\t\t\t<div class=\"elementor-tab-title elementor-tab-mobile-title\" aria-selected=\"false\" data-tab=\"3\" role=\"tab\" tabindex=\"-1\" aria-controls=\"elementor-tab-content-9933\" aria-expanded=\"false\">\u00c9cole d'\u00e9t\u00e9 de r\u00e9daction<\/div>\n\t\t\t\t\t<div id=\"elementor-tab-content-9933\" class=\"elementor-tab-content elementor-clearfix\" data-tab=\"3\" role=\"tabpanel\" aria-labelledby=\"elementor-tab-title-9933\" tabindex=\"0\" hidden=\"hidden\"><p class=\"MsoNormal\" style=\"text-align: justify;\"><span style=\"font-size: 14.0pt; line-height: 107%; font-family: Roboto; mso-fareast-language: FR-CA;\">La <b>r\u00e9daction scientifique\u00a0<\/b>est partie int\u00e9grante des personnes \u00e9tudiantes des deuxi\u00e8me et troisi\u00e8me cycles. Toutefois, dans la formation initiale, la question est trop peu abord\u00e9e.\u00a0<i>Qu&#8217;est-ce que le processus d&#8217;\u00e9criture et comment le connaitre peut servir \u00e0 am\u00e9liorer l&#8217;exp\u00e9rience r\u00e9dactionnelle? Quelle posture doit-on endosser comme personne autrice? Quelles sont les maladresses r\u00e9currentes \u00e0 \u00e9viter lors de la r\u00e9daction scientifiques? Comment mobiliser ses connaissances sur la r\u00e9daction pour d\u00e9velopper ses habilet\u00e9s?\u00a0<\/i><\/span><\/p><p class=\"MsoNormal\" style=\"text-align: justify;\"><span style=\"font-size: 14.0pt; line-height: 107%; font-family: Roboto; mso-bidi-font-family: 'Times New Roman'; mso-fareast-language: FR-CA;\">C&#8217;est pour r\u00e9pondre \u00e0 ce besoin nomm\u00e9 par les personnes membres de l&#8217;ag\u00e9md\u00e9us que l&#8217;\u00c9cole d&#8217;\u00e9t\u00e9 de r\u00e9daction de l&#8217;ag\u00e9md\u00e9us\u00a0a \u00e9t\u00e9 r\u00e9fl\u00e9chie. Les questions li\u00e9es \u00e0 la r\u00e9daction scientifique seront abord\u00e9es dans un espace d&#8217;apprentissages, d&#8217;\u00e9changes et de r\u00e9flexions.\u00a0<\/span><\/p><p class=\"MsoNormal\" style=\"text-align: justify;\"><b><span style=\"font-size: 20.0pt; line-height: 107%; font-family: Roboto; mso-bidi-font-family: 'Times New Roman'; color: #0f0f16; mso-fareast-language: FR-CA;\">Programmation et inscriptions<\/span><\/b><\/p><p class=\"MsoNormal\" style=\"text-align: justify;\"><span style=\"font-size: 14.0pt; line-height: 107%; font-family: Roboto; mso-bidi-font-family: 'Times New Roman'; mso-fareast-language: FR-CA;\">Vous l&#8217;attendiez, elle est enfin arriv\u00e9e!<\/span><\/p><p class=\"MsoNormal\" style=\"text-align: justify;\"><span style=\"font-size: 14.0pt; line-height: 107%; font-family: Roboto; mso-bidi-font-family: 'Times New Roman'; mso-fareast-language: FR-CA;\">Voici la <a href=\"https:\/\/agemdeus.association.usherbrooke.ca\/wp-content\/uploads\/2023\/04\/Programmation-Ecole-dete-de-redaction-Agemdeus-1-1-1.pdf\" rel=\"attachment wp-att-1737\">programmation d\u00e9taill\u00e9e<\/a>\u00a0de l&#8217;\u00c9cole d&#8217;\u00e9t\u00e9<br \/>de r\u00e9daction de l&#8217;ag\u00e9md\u00e9us qui se d\u00e9roulera du\u00a0<b>24 au 26 aout 2023<\/b>.<\/span><\/p><p class=\"MsoNormal\" style=\"text-align: justify;\"><b><span style=\"font-size: 14.0pt; line-height: 107%; font-family: Roboto; mso-bidi-font-family: 'Times New Roman'; mso-fareast-language: FR-CA;\">Inscription obligatoire<\/span><\/b><span style=\"font-size: 14.0pt; line-height: 107%; font-family: Roboto; mso-bidi-font-family: 'Times New Roman'; mso-fareast-language: FR-CA;\">\u00a0(num\u00e9risez le code QR pour<br \/>acc\u00e9der au formulaire ou\u00a0<a href=\"https:\/\/forms.office.com\/r\/xLCA2axg84\">cliquez sur ce lien<\/a>).<\/span><\/p><p class=\"MsoNormal\" style=\"text-align: justify;\"><i><span style=\"font-size: 14.0pt; line-height: 107%; font-family: Roboto; mso-bidi-font-family: 'Times New Roman'; mso-fareast-language: FR-CA;\">Faites vite, les places sont limit\u00e9es!<\/span><\/i><i><span style=\"font-size: 14.0pt; line-height: 107%; font-family: Roboto; mso-bidi-font-family: 'Times New Roman'; mso-fareast-language: FR-CA;\">\u00a0<\/span><\/i><\/p><\/div>\n\t\t\t\t\t\t\t<\/div>\n\t\t<\/div>\n\t\t\t\t<\/div>\n\t\t\t\t<\/div>\n\t\t\t\t\t<\/div>\n\t\t<\/div>\n\t\t\t\t\t\t\t<\/div>\n\t\t<\/section>\n\t\t\t\t\t\t\t<\/div>\n\t\t","protected":false},"excerpt":{"rendered":"<p>\u00c0 distance En pr\u00e9sence \u00c9cole d&#8217;\u00e9t\u00e9 de r\u00e9daction \u00c0 distance Les Communaut\u00e9s de Pratique: partager ses difficult\u00e9s Les \u00e9tudes aux cycles sup\u00e9rieurs sont loin d\u2019\u00eatre un long fleuve tranquille\u2026 Les relations avec nos directions, le sentiment d\u2019imposteur, la pression, la gestion du temps et bien d\u2019autres th\u00e9matiques sont autant d\u2019enjeux pr\u00e9sents dans le parcours.&nbsp; S\u2019il<\/p><\/div>\n<div class=\"blog-btn\"><a href=\"https:\/\/agemdeus.association.usherbrooke.ca\/?page_id=10\" class=\"home-blog-btn\">Lire la suite<\/a><\/p>\n","protected":false},"author":3,"featured_media":0,"parent":0,"menu_order":0,"comment_status":"closed","ping_status":"closed","template":"","meta":[],"_links":{"self":[{"href":"https:\/\/agemdeus.association.usherbrooke.ca\/index.php?rest_route=\/wp\/v2\/pages\/10"}],"collection":[{"href":"https:\/\/agemdeus.association.usherbrooke.ca\/index.php?rest_route=\/wp\/v2\/pages"}],"about":[{"href":"https:\/\/agemdeus.association.usherbrooke.ca\/index.php?rest_route=\/wp\/v2\/types\/page"}],"author":[{"embeddable":true,"href":"https:\/\/agemdeus.association.usherbrooke.ca\/index.php?rest_route=\/wp\/v2\/users\/3"}],"replies":[{"embeddable":true,"href":"https:\/\/agemdeus.association.usherbrooke.ca\/index.php?rest_route=%2Fwp%2Fv2%2Fcomments&post=10"}],"version-history":[{"count":57,"href":"https:\/\/agemdeus.association.usherbrooke.ca\/index.php?rest_route=\/wp\/v2\/pages\/10\/revisions"}],"predecessor-version":[{"id":1785,"href":"https:\/\/agemdeus.association.usherbrooke.ca\/index.php?rest_route=\/wp\/v2\/pages\/10\/revisions\/1785"}],"wp:attachment":[{"href":"https:\/\/agemdeus.association.usherbrooke.ca\/index.php?rest_route=%2Fwp%2Fv2%2Fmedia&parent=10"}],"curies":[{"name":"wp","href":"https:\/\/api.w.org\/{rel}","templated":true}]}}