{"id":1147,"date":"2021-02-11T15:13:22","date_gmt":"2021-02-11T19:13:22","guid":{"rendered":"http:\/\/agemdeus.association.usherbrooke.ca\/?page_id=1147"},"modified":"2022-02-04T16:55:34","modified_gmt":"2022-02-04T20:55:34","slug":"a-votre-ecoute","status":"publish","type":"page","link":"https:\/\/agemdeus.association.usherbrooke.ca\/?page_id=1147","title":{"rendered":"\u00c0 votre \u00e9coute"},"content":{"rendered":"\t\t<div data-elementor-type=\"wp-page\" data-elementor-id=\"1147\" class=\"elementor elementor-1147\">\n\t\t\t\t\t\t\t\t\t<section class=\"elementor-section elementor-top-section elementor-element elementor-element-f432d70 elementor-section-boxed elementor-section-height-default elementor-section-height-default\" data-id=\"f432d70\" data-element_type=\"section\">\n\t\t\t\t\t\t<div class=\"elementor-container elementor-column-gap-default\">\n\t\t\t\t\t<div class=\"elementor-column elementor-col-100 elementor-top-column elementor-element elementor-element-1774122\" data-id=\"1774122\" data-element_type=\"column\">\n\t\t\t<div class=\"elementor-widget-wrap elementor-element-populated\">\n\t\t\t\t\t\t\t\t<div class=\"elementor-element elementor-element-ae81110 elementor-tabs-view-horizontal elementor-widget elementor-widget-tabs\" data-id=\"ae81110\" data-element_type=\"widget\" data-widget_type=\"tabs.default\">\n\t\t\t\t<div class=\"elementor-widget-container\">\n\t\t\t\t\t<div class=\"elementor-tabs\">\n\t\t\t<div class=\"elementor-tabs-wrapper\" role=\"tablist\" >\n\t\t\t\t\t\t\t\t\t<div id=\"elementor-tab-title-1821\" class=\"elementor-tab-title elementor-tab-desktop-title\" aria-selected=\"true\" data-tab=\"1\" role=\"tab\" tabindex=\"0\" aria-controls=\"elementor-tab-content-1821\" aria-expanded=\"false\">La bo\u00eete \u00e0 suggestions<\/div>\n\t\t\t\t\t\t\t\t\t<div id=\"elementor-tab-title-1822\" class=\"elementor-tab-title elementor-tab-desktop-title\" aria-selected=\"false\" data-tab=\"2\" role=\"tab\" tabindex=\"-1\" aria-controls=\"elementor-tab-content-1822\" aria-expanded=\"false\">Probl\u00e8me dans un cours<\/div>\n\t\t\t\t\t\t\t\t\t<div id=\"elementor-tab-title-1823\" class=\"elementor-tab-title elementor-tab-desktop-title\" aria-selected=\"false\" data-tab=\"3\" role=\"tab\" tabindex=\"-1\" aria-controls=\"elementor-tab-content-1823\" aria-expanded=\"false\">Vos cours, vos commentaires<\/div>\n\t\t\t\t\t\t\t<\/div>\n\t\t\t<div class=\"elementor-tabs-content-wrapper\" role=\"tablist\" aria-orientation=\"vertical\">\n\t\t\t\t\t\t\t\t\t<div class=\"elementor-tab-title elementor-tab-mobile-title\" aria-selected=\"true\" data-tab=\"1\" role=\"tab\" tabindex=\"0\" aria-controls=\"elementor-tab-content-1821\" aria-expanded=\"false\">La bo\u00eete \u00e0 suggestions<\/div>\n\t\t\t\t\t<div id=\"elementor-tab-content-1821\" class=\"elementor-tab-content elementor-clearfix\" data-tab=\"1\" role=\"tabpanel\" aria-labelledby=\"elementor-tab-title-1821\" tabindex=\"0\" hidden=\"false\"><p>Vous avez une id\u00e9e? Vous aimeriez que l&#8217;AG\u00c9MD\u00c9US travaille \u00e0 offrir de nouveaux services? Vous aimeriez avoir un nouvel objet promotionnel aux couleurs de votre association? Vous voudriez inviter une personne formatrice ou conf\u00e9renci\u00e8re et vous pensez que l&#8217;AG\u00c9MD\u00c9US pourrait vous aider?<\/p><p>C&#8217;est dans la bo\u00eete \u00e0 suggestions que vous pouvez d\u00e9poser vos id\u00e9es concernant votre association \u00e9tudiante, l&#8217;AG\u00c9MD\u00c9US! En effet, nous travaillons fort pour rendre la vie \u00e9tudiante agr\u00e9able tout au long de votre passage au 2<sup>e<\/sup> ou au 3<sup>e<\/sup> cycle en \u00e9ducation!<\/p><p>N&#8217;h\u00e9sitez pas \u00e0 nous faire part de vos id\u00e9es, nous avons h\u00e2te de vous lire et de travailler avec vous!<\/p><p>Allez, \u00e0 vos claviers!<\/p><p><a href=\"mailto:agemdeus@usherbrooke.ca\">Contactez-nous<\/a>!<\/p><\/div>\n\t\t\t\t\t\t\t\t\t<div class=\"elementor-tab-title elementor-tab-mobile-title\" aria-selected=\"false\" data-tab=\"2\" role=\"tab\" tabindex=\"-1\" aria-controls=\"elementor-tab-content-1822\" aria-expanded=\"false\">Probl\u00e8me dans un cours<\/div>\n\t\t\t\t\t<div id=\"elementor-tab-content-1822\" class=\"elementor-tab-content elementor-clearfix\" data-tab=\"2\" role=\"tabpanel\" aria-labelledby=\"elementor-tab-title-1822\" tabindex=\"0\" hidden=\"hidden\"><p>L&#8217;AG\u00c9MD\u00c9US a le mandat de soutenir les membres dans leur formation. <strong>Notre r\u00f4le<\/strong> consiste essentiellement \u00e0 :<\/p><ul><li><strong>informer les \u00e9tudiantes et les \u00e9tudiants des proc\u00e9dures<\/strong> \u00e0 suivre lorsqu&#8217;ils jugent que la formation n&#8217;est pas conforme \u00e0 ce qu&#8217;ils sont en droit d&#8217;attendre aux cycles sup\u00e9rieurs;<\/li><li><strong>sensibiliser les instances facultaires aux probl\u00e8mes g\u00e9n\u00e9raux<\/strong> qui sont soulev\u00e9es dans le cas de situations sp\u00e9cifiques;<\/li><li><strong>assurer le suivi<\/strong> aupr\u00e8s des personnes responsables et des comit\u00e9s pertinents afin que les probl\u00e8mes soulev\u00e9s soient corrig\u00e9s dans le futur.<\/li><\/ul><p>Lorsqu&#8217;un probl\u00e8me survient dans le cadre d&#8217;un cours, ce n&#8217;est toutefois pas le mandat de l&#8217;association d&#8217;agir comme porte-parole aupr\u00e8s du personnel enseignant.\u00a0 <strong>Si un probl\u00e8me se pr\u00e9sente dans l&#8217;un de vos cours, voici la marche \u00e0 suivre :<\/strong><\/p><ol><li>Discuter du probl\u00e8me avec vos <strong>coll\u00e8gues de classe<\/strong> pour \u00e9tablir un portrait global de la situaton;<\/li><li>\u00c9tablir une <strong>liste de solutions<\/strong> possibles au probl\u00e8me soulev\u00e9;<\/li><li>Faire part du probl\u00e8me <strong>\u00e0 la personne charg\u00e9e du cours<\/strong> et lui soumettre les propositions de solutions*;<\/li><li>D\u00e9terminer un d\u00e9lai de r\u00e9ponse;<\/li><li>Si la r\u00e9ponse ne vous apparait pas satisfaisante et que vous souhaitez poursuivre votre d\u00e9marche de plainte, <strong>pr\u00e9venir l&#8217;AG\u00c9MD\u00c9US<\/strong> de la situation;<\/li><li>Rencontrer le ou la <strong>responsable de programme<\/strong> et lui faire part des \u00e9changes avec la personne charg\u00e9e du cours;<\/li><li>Si la r\u00e9ponse ne vous apparait toujours pas satisfaisante, pr\u00e9sentez l&#8217;ensemble du dossier au <strong>vice-d\u00e9canat \u00e0 la formation<\/strong>.<\/li><\/ol><address>* S&#8217;il s&#8217;agit d&#8217;une atteinte \u00e0 l&#8217;int\u00e9grit\u00e9 physique ou psychologique d&#8217;une personne \u00e9tudiante, contactez imm\u00e9diatement l l&#8217;<a href=\"https:\/\/www.usherbrooke.ca\/respect\/harcelement-et-discrimination\">\u00c9quipe-conseil en mati\u00e8re de respect des personnes<\/a> et pr\u00e9venez l&#8217;AG\u00c9MD\u00c9US de la situation.<\/address><\/div>\n\t\t\t\t\t\t\t\t\t<div class=\"elementor-tab-title elementor-tab-mobile-title\" aria-selected=\"false\" data-tab=\"3\" role=\"tab\" tabindex=\"-1\" aria-controls=\"elementor-tab-content-1823\" aria-expanded=\"false\">Vos cours, vos commentaires<\/div>\n\t\t\t\t\t<div id=\"elementor-tab-content-1823\" class=\"elementor-tab-content elementor-clearfix\" data-tab=\"3\" role=\"tabpanel\" aria-labelledby=\"elementor-tab-title-1823\" tabindex=\"0\" hidden=\"hidden\"><p>Dans le but de mieux vous repr\u00e9senter, l&#8217;AG\u00c9MD\u00c9US si\u00e8ge sur plusieurs comit\u00e9s de programme et assiste \u00e0 diverses r\u00e9unions \u00e0 la Facult\u00e9 d&#8217;\u00e9ducation.\u00a0 Nous d\u00e9sirons avoir vos commentaires quant \u00e0 la formation que vous suivez afin de pouvoir porter votre voix dans ces instances.<\/p><p>Par exemple, nous aimerions savoir quels sont les cours que vous appr\u00e9ciez et ceux que vous appr\u00e9ciez moins et pourquoi? Les contenus inscrits dans vos plans de cours sont-ils vus partiellement ou totalement en classe? La mati\u00e8re qui vous est enseign\u00e9e satisfait-elle votre projet d&#8217;\u00e9tudes sup\u00e9rieures? Le contenu des cours auxquels vous \u00eates inscrits vous permet-il de faire des liens avec votre pratique au quotidien? Vous permet-il de faire des liens entre ce que dit la recherche et votre pratique?<\/p><p><a href=\"mailto:agemdeus@usherbrooke.ca\">Contactez-nous<\/a>!<\/p><\/div>\n\t\t\t\t\t\t\t<\/div>\n\t\t<\/div>\n\t\t\t\t<\/div>\n\t\t\t\t<\/div>\n\t\t\t\t\t<\/div>\n\t\t<\/div>\n\t\t\t\t\t\t\t<\/div>\n\t\t<\/section>\n\t\t\t\t\t\t\t<\/div>\n\t\t","protected":false},"excerpt":{"rendered":"<p>La bo\u00eete \u00e0 suggestions Probl\u00e8me dans un cours Vos cours, vos commentaires La bo\u00eete \u00e0 suggestions Vous avez une id\u00e9e? Vous aimeriez que l&#8217;AG\u00c9MD\u00c9US travaille \u00e0 offrir de nouveaux services? Vous aimeriez avoir un nouvel objet promotionnel aux couleurs de votre association? Vous voudriez inviter une personne formatrice ou conf\u00e9renci\u00e8re et vous pensez que l&#8217;AG\u00c9MD\u00c9US<\/p><\/div>\n<div class=\"blog-btn\"><a href=\"https:\/\/agemdeus.association.usherbrooke.ca\/?page_id=1147\" class=\"home-blog-btn\">Lire la suite<\/a><\/p>\n","protected":false},"author":3,"featured_media":0,"parent":0,"menu_order":0,"comment_status":"closed","ping_status":"closed","template":"","meta":[],"_links":{"self":[{"href":"https:\/\/agemdeus.association.usherbrooke.ca\/index.php?rest_route=\/wp\/v2\/pages\/1147"}],"collection":[{"href":"https:\/\/agemdeus.association.usherbrooke.ca\/index.php?rest_route=\/wp\/v2\/pages"}],"about":[{"href":"https:\/\/agemdeus.association.usherbrooke.ca\/index.php?rest_route=\/wp\/v2\/types\/page"}],"author":[{"embeddable":true,"href":"https:\/\/agemdeus.association.usherbrooke.ca\/index.php?rest_route=\/wp\/v2\/users\/3"}],"replies":[{"embeddable":true,"href":"https:\/\/agemdeus.association.usherbrooke.ca\/index.php?rest_route=%2Fwp%2Fv2%2Fcomments&post=1147"}],"version-history":[{"count":26,"href":"https:\/\/agemdeus.association.usherbrooke.ca\/index.php?rest_route=\/wp\/v2\/pages\/1147\/revisions"}],"predecessor-version":[{"id":1389,"href":"https:\/\/agemdeus.association.usherbrooke.ca\/index.php?rest_route=\/wp\/v2\/pages\/1147\/revisions\/1389"}],"wp:attachment":[{"href":"https:\/\/agemdeus.association.usherbrooke.ca\/index.php?rest_route=%2Fwp%2Fv2%2Fmedia&parent=1147"}],"curies":[{"name":"wp","href":"https:\/\/api.w.org\/{rel}","templated":true}]}}