{"id":14,"date":"2013-08-16T14:13:39","date_gmt":"2013-08-16T14:13:39","guid":{"rendered":"http:\/\/agemdeus.association.usherbrooke.ca\/?page_id=14"},"modified":"2022-02-04T17:01:56","modified_gmt":"2022-02-04T21:01:56","slug":"contactez-nous","status":"publish","type":"page","link":"https:\/\/agemdeus.association.usherbrooke.ca\/?page_id=14","title":{"rendered":"Contactez-nous"},"content":{"rendered":"<h2>Par courriel &#8211; la fa\u00e7on la plus rapide et la plus fiable de nous joindre!<\/h2>\n<p><a href=\"mailto:agemdeus@USherbrooke.ca\">agemdeus@USherbrooke.ca<\/a><\/p>\n<h2><\/h2>\n<h2>Par courrier interne<\/h2>\n<p>Secr\u00e9tariat g\u00e9n\u00e9ral de la Facult\u00e9 d&#8217;\u00e9ducation, case 36<\/p>\n<h2><\/h2>\n<h2>Par courrier standard<\/h2>\n<p>AG\u00c9MD\u00c9US (case 36)<br \/>\nFacult\u00e9 d&#8217;\u00e9ducation, Universit\u00e9 de Sherbrooke<br \/>\n2500, boul. de l\u2019Universit\u00e9<br \/>\nSherbrooke (Qu\u00e9bec)\u00a0\u00a0J1K 2R1<\/p>\n<h2><\/h2>\n<h2>En personne<\/h2>\n<p>Les membres du CE pourront vous rencontrer, selon vos besoins, sur rendez-vous. Pour fixer un rendez-vous, \u00e9crivez-nous \u00e0 <a href=\"mailto:agemdeus@USherbrooke.ca\">agemdeus@USherbrooke.ca<\/a> en nous pr\u00e9cisant l&#8217;objet de la rencontre souhait\u00e9e afin que nous puissions d\u00e9terminer la personne, parmi les membres du CE, la plus apte \u00e0 r\u00e9pondre \u00e0 vos besoins.<\/p>\n<p>\u00c0 bient\u00f4t!<\/p>\n<h2><\/h2>\n","protected":false},"excerpt":{"rendered":"<p>Par courriel &#8211; la fa\u00e7on la plus rapide et la plus fiable de nous joindre! agemdeus@USherbrooke.ca Par courrier interne Secr\u00e9tariat g\u00e9n\u00e9ral de la Facult\u00e9 d&#8217;\u00e9ducation, case 36 Par courrier standard AG\u00c9MD\u00c9US (case 36) Facult\u00e9 d&#8217;\u00e9ducation, Universit\u00e9 de Sherbrooke 2500, boul. de l\u2019Universit\u00e9 Sherbrooke (Qu\u00e9bec)\u00a0\u00a0J1K 2R1 En personne Les membres du CE pourront vous rencontrer, selon<\/p><\/div>\n<div class=\"blog-btn\"><a href=\"https:\/\/agemdeus.association.usherbrooke.ca\/?page_id=14\" class=\"home-blog-btn\">Lire la suite<\/a><\/p>\n","protected":false},"author":3,"featured_media":0,"parent":0,"menu_order":0,"comment_status":"closed","ping_status":"closed","template":"","meta":[],"_links":{"self":[{"href":"https:\/\/agemdeus.association.usherbrooke.ca\/index.php?rest_route=\/wp\/v2\/pages\/14"}],"collection":[{"href":"https:\/\/agemdeus.association.usherbrooke.ca\/index.php?rest_route=\/wp\/v2\/pages"}],"about":[{"href":"https:\/\/agemdeus.association.usherbrooke.ca\/index.php?rest_route=\/wp\/v2\/types\/page"}],"author":[{"embeddable":true,"href":"https:\/\/agemdeus.association.usherbrooke.ca\/index.php?rest_route=\/wp\/v2\/users\/3"}],"replies":[{"embeddable":true,"href":"https:\/\/agemdeus.association.usherbrooke.ca\/index.php?rest_route=%2Fwp%2Fv2%2Fcomments&post=14"}],"version-history":[{"count":8,"href":"https:\/\/agemdeus.association.usherbrooke.ca\/index.php?rest_route=\/wp\/v2\/pages\/14\/revisions"}],"predecessor-version":[{"id":1397,"href":"https:\/\/agemdeus.association.usherbrooke.ca\/index.php?rest_route=\/wp\/v2\/pages\/14\/revisions\/1397"}],"wp:attachment":[{"href":"https:\/\/agemdeus.association.usherbrooke.ca\/index.php?rest_route=%2Fwp%2Fv2%2Fmedia&parent=14"}],"curies":[{"name":"wp","href":"https:\/\/api.w.org\/{rel}","templated":true}]}}