{"id":18,"date":"2013-08-16T14:14:25","date_gmt":"2013-08-16T18:14:25","guid":{"rendered":"http:\/\/agemdeus.association.usherbrooke.ca\/?page_id=18"},"modified":"2024-05-08T16:25:17","modified_gmt":"2024-05-08T20:25:17","slug":"formulaires","status":"publish","type":"page","link":"https:\/\/agemdeus.association.usherbrooke.ca\/?page_id=18","title":{"rendered":"Subventions de l&#8217;AG\u00c9MD\u00c9US"},"content":{"rendered":"<p>Vous \u00eates membre en r\u00e8gle de l&#8217;ag\u00e9md\u00e9us et vous avez besoin d&#8217;un coup de pouce pour :<\/p>\n<ul>\n<li><strong>assister<\/strong> ou <strong>pr\u00e9senter<\/strong> dans un colloque ou un congr\u00e8s scientifique\/professionnel ;<\/li>\n<li><strong>participer<\/strong> \u00e0 une activit\u00e9 p\u00e9dagogique li\u00e9e \u00e0 la formation (atelier d\u2019\u00e9criture scientifique, formation recherche documentaire, formation logiciel recherche, activit\u00e9 d\u2019\u00e9criture structur\u00e9e) ;<\/li>\n<li><strong>organiser<\/strong> un \u00e9v\u00e9nement li\u00e9 aux \u00e9tudes ou \u00e0 la recherche.<\/li>\n<\/ul>\n<h4>Nous avons un programme de subvention qui pourrait vous aider ! Consultez le <a href=\"https:\/\/forms.office.com\/r\/BYCeUAnFAv\">formulaire de demande de subvention<\/a> (Forms) pour tous les d\u00e9tails.<\/h4>\n<p><strong>Merci de bien t\u00e9l\u00e9charger et consulter le <a href=\"https:\/\/usherbrooke.sharepoint.com\/:b:\/r\/sites\/AGEMDEUS\/Documents%20partages\/General\/Age%CC%81mde%CC%81us%20Guide%20de%20demande%20de%20subvention.pdf?csf=1&amp;web=1&amp;e=7CAVuf\">guide<\/a> avant de remplir le formulaire.\u00a0<\/strong><\/p>\n<p style=\"text-align: center;\"><em>Merci de faire la lecture des diff\u00e9rents crit\u00e8res d&#8217;admissibilit\u00e9 avant de soumettre votre demande afin de valider que vous r\u00e9pondez aux exigences.<\/em><\/p>\n<h2 style=\"padding-left: 40px; text-align: center;\">N&#8217;oubliez pas les dates limites !<\/h2>\n<blockquote><p><strong>Automne<\/strong> : 30 d\u00e9cembre<br \/>\n<strong>Hiver<\/strong> : 30 avril<br \/>\n<strong>\u00c9t\u00e9<\/strong> : 30 ao\u00fbt<\/p><\/blockquote>\n","protected":false},"excerpt":{"rendered":"<p>Vous \u00eates membre en r\u00e8gle de l&#8217;ag\u00e9md\u00e9us et vous avez besoin d&#8217;un coup de pouce pour : assister ou pr\u00e9senter dans un colloque ou un congr\u00e8s scientifique\/professionnel ; participer \u00e0 une activit\u00e9 p\u00e9dagogique li\u00e9e \u00e0 la formation (atelier d\u2019\u00e9criture scientifique, formation recherche documentaire, formation logiciel recherche, activit\u00e9 d\u2019\u00e9criture structur\u00e9e) ; organiser un \u00e9v\u00e9nement li\u00e9 aux<\/p><\/div>\n<div class=\"blog-btn\"><a href=\"https:\/\/agemdeus.association.usherbrooke.ca\/?page_id=18\" class=\"home-blog-btn\">Lire la suite<\/a><\/p>\n","protected":false},"author":3,"featured_media":0,"parent":0,"menu_order":0,"comment_status":"closed","ping_status":"closed","template":"","meta":[],"_links":{"self":[{"href":"https:\/\/agemdeus.association.usherbrooke.ca\/index.php?rest_route=\/wp\/v2\/pages\/18"}],"collection":[{"href":"https:\/\/agemdeus.association.usherbrooke.ca\/index.php?rest_route=\/wp\/v2\/pages"}],"about":[{"href":"https:\/\/agemdeus.association.usherbrooke.ca\/index.php?rest_route=\/wp\/v2\/types\/page"}],"author":[{"embeddable":true,"href":"https:\/\/agemdeus.association.usherbrooke.ca\/index.php?rest_route=\/wp\/v2\/users\/3"}],"replies":[{"embeddable":true,"href":"https:\/\/agemdeus.association.usherbrooke.ca\/index.php?rest_route=%2Fwp%2Fv2%2Fcomments&post=18"}],"version-history":[{"count":69,"href":"https:\/\/agemdeus.association.usherbrooke.ca\/index.php?rest_route=\/wp\/v2\/pages\/18\/revisions"}],"predecessor-version":[{"id":1783,"href":"https:\/\/agemdeus.association.usherbrooke.ca\/index.php?rest_route=\/wp\/v2\/pages\/18\/revisions\/1783"}],"wp:attachment":[{"href":"https:\/\/agemdeus.association.usherbrooke.ca\/index.php?rest_route=%2Fwp%2Fv2%2Fmedia&parent=18"}],"curies":[{"name":"wp","href":"https:\/\/api.w.org\/{rel}","templated":true}]}}